{"id":1004,"date":"2022-09-29T11:03:59","date_gmt":"2022-09-29T09:03:59","guid":{"rendered":"https:\/\/www2.gaiadis.fr\/?page_id=1004"},"modified":"2022-09-29T11:25:24","modified_gmt":"2022-09-29T09:25:24","slug":"h2-et-batiments","status":"publish","type":"page","link":"https:\/\/www2.gaiadis.fr\/en\/h2-et-batiments\/","title":{"rendered":"H2 et b\u00e2timents"},"content":{"rendered":"<p>L&#8217;hydrog\u00e8ne s&#8217;applique aux b\u00e2timents .<\/p>\n<p>Des critiques parfois entendues sur l&#8217;utilisation de l&#8217;hydrog\u00e8ne en mobilit\u00e9 , ne s&#8217;appliquent PAS \u00e0 une utilisation dans des b\u00e2timents , qui, \u00e0 bien des \u00e9gards, est plus simple et moins co\u00fbteuse \u00e0 mettre en \u0153uvre.<\/p>\n<p>Si vous \u00eates bailleurs sociaux, collectivit\u00e9s, architectes, <a href=\"https:\/\/www2.gaiadis.fr\/contact\/\">parlons-en<\/a> .<\/p>\n<p>Voir ci-<a href=\"https:\/\/www.linkedin.com\/posts\/hervebuchert_pdf-10-id%C3%A9es-paresseuses-sur-lhydrog%C3%A8ne-activity-6886639599112765440-C5VO?utm_source=share&amp;utm_medium=member_desktop\"><img loading=\"lazy\" class=\"size-medium wp-image-1007 alignright\" src=\"https:\/\/www2.gaiadis.fr\/wp-content\/uploads\/2022\/09\/h2-batiments-10-idees-300x168.jpg\" alt=\"idees recues sur H2 et batiments\" width=\"300\" height=\"168\" srcset=\"https:\/\/www2.gaiadis.fr\/wp-content\/uploads\/2022\/09\/h2-batiments-10-idees-300x168.jpg 300w, https:\/\/www2.gaiadis.fr\/wp-content\/uploads\/2022\/09\/h2-batiments-10-idees-1024x572.jpg 1024w, https:\/\/www2.gaiadis.fr\/wp-content\/uploads\/2022\/09\/h2-batiments-10-idees-768x429.jpg 768w, https:\/\/www2.gaiadis.fr\/wp-content\/uploads\/2022\/09\/h2-batiments-10-idees-1536x858.jpg 1536w, https:\/\/www2.gaiadis.fr\/wp-content\/uploads\/2022\/09\/h2-batiments-10-idees.jpg 1920w\" sizes=\"(max-width: 300px) 100vw, 300px\" \/><\/a>dessus quelques <a href=\"https:\/\/www.linkedin.com\/posts\/hervebuchert_pdf-10-id%C3%A9es-paresseuses-sur-lhydrog%C3%A8ne-activity-6886639599112765440-C5VO?utm_source=share&amp;utm_medium=member_desktop\">id\u00e9es re\u00e7ues (fausses)<\/a> sur l&#8217;application de l&#8217;hydrog\u00e8ne aux b\u00e2timents .<\/p>\n","protected":false},"excerpt":{"rendered":"<p>L&#8217;hydrog\u00e8ne s&#8217;applique aux b\u00e2timents . Des critiques parfois entendues sur l&#8217;utilisation de l&#8217;hydrog\u00e8ne en mobilit\u00e9 , ne s&#8217;appliquent PAS \u00e0 une utilisation dans des b\u00e2timents , qui, \u00e0 bien des \u00e9gards, est plus simple et moins co\u00fbteuse \u00e0 mettre en \u0153uvre. Si vous \u00eates bailleurs sociaux, collectivit\u00e9s, architectes, parlons-en . Voir ci-dessus quelques id\u00e9es re\u00e7ues [&hellip;]<\/p>\n","protected":false},"author":1,"featured_media":0,"parent":0,"menu_order":0,"comment_status":"closed","ping_status":"closed","template":"","meta":[],"translation":{"provider":"WPGlobus","version":"3.0.1","language":"en","enabled_languages":["fr","en"],"languages":{"fr":{"title":true,"content":true,"excerpt":false},"en":{"title":false,"content":false,"excerpt":false}}},"_links":{"self":[{"href":"https:\/\/www2.gaiadis.fr\/en\/wp-json\/wp\/v2\/pages\/1004"}],"collection":[{"href":"https:\/\/www2.gaiadis.fr\/en\/wp-json\/wp\/v2\/pages"}],"about":[{"href":"https:\/\/www2.gaiadis.fr\/en\/wp-json\/wp\/v2\/types\/page"}],"author":[{"embeddable":true,"href":"https:\/\/www2.gaiadis.fr\/en\/wp-json\/wp\/v2\/users\/1"}],"replies":[{"embeddable":true,"href":"https:\/\/www2.gaiadis.fr\/en\/wp-json\/wp\/v2\/comments?post=1004"}],"version-history":[{"count":7,"href":"https:\/\/www2.gaiadis.fr\/en\/wp-json\/wp\/v2\/pages\/1004\/revisions"}],"predecessor-version":[{"id":1035,"href":"https:\/\/www2.gaiadis.fr\/en\/wp-json\/wp\/v2\/pages\/1004\/revisions\/1035"}],"wp:attachment":[{"href":"https:\/\/www2.gaiadis.fr\/en\/wp-json\/wp\/v2\/media?parent=1004"}],"curies":[{"name":"wp","href":"https:\/\/api.w.org\/{rel}","templated":true}]}}