{"id":68,"date":"2019-06-12T20:48:48","date_gmt":"2019-06-12T18:48:48","guid":{"rendered":"http:\/\/www2.gaiadis.fr\/?page_id=68"},"modified":"2022-09-05T10:30:17","modified_gmt":"2022-09-05T08:30:17","slug":"territoires","status":"publish","type":"page","link":"https:\/\/www2.gaiadis.fr\/en\/territoires\/","title":{"rendered":"Territoires"},"content":{"rendered":"<p><strong>V<\/strong><strong>ous avez besoin:<\/strong><\/p>\n<ul>\n<li>D&#8217;appr\u00e9hender les apports multiples de l&#8217;hydrog\u00e8ne pour les transports propres, le stockage d\u2019\u00e9nergie, l\u2019industrie.<\/li>\n<li>Etudier les synergies possibles avec les activit\u00e9s sur votre territoire et au-del\u00e0.<\/li>\n<li>Faire le point, et mener une \u00e9tude hydrog\u00e8ne sur votre territoire.<\/li>\n<li>Comprendre <a href=\"https:\/\/www2.gaiadis.fr\/recherche-de-financements\/\">les financements UE\/FR<\/a> , comme les APP ADEME ou ceux de la Clean Hydrogen Alliance (qui a succ\u00e9d\u00e9 au FCH JU) et \u00eatre en position d\u2019en b\u00e9n\u00e9ficier.<\/li>\n<\/ul>\n<p><strong><a href=\"https:\/\/www2.gaiadis.fr\/territoires\/usages-h2-2\/\"><img loading=\"lazy\" class=\"alignright wp-image-355\" src=\"https:\/\/www2.gaiadis.fr\/wp-content\/uploads\/2019\/06\/usages-H2-228x300.png\" alt=\"\" width=\"358\" height=\"471\" srcset=\"https:\/\/www2.gaiadis.fr\/wp-content\/uploads\/2019\/06\/usages-H2-228x300.png 228w, https:\/\/www2.gaiadis.fr\/wp-content\/uploads\/2019\/06\/usages-H2-768x1010.png 768w, https:\/\/www2.gaiadis.fr\/wp-content\/uploads\/2019\/06\/usages-H2-779x1024.png 779w\" sizes=\"(max-width: 358px) 100vw, 358px\" \/><\/a><\/strong><strong>GAIADIS vous r\u00e9pond et propose :<\/strong><\/p>\n<ul>\n<li>Une pr\u00e9sentation sur l\u2019hydrog\u00e8ne<\/li>\n<\/ul>\n<p><strong>\u00a0<\/strong><\/p>\n<ul>\n<li>Etude prospective hydrog\u00e8ne sur votre territoire<\/li>\n<li>Appui au montage de dossiers pour faire b\u00e9n\u00e9ficier vos projets des instruments de financements europ\u00e9ens\/nationaux.<\/li>\n<li>Assistance simple \u00e0 la ma\u00eetrise d\u2019ouvrage de vos projets.<\/li>\n<\/ul>\n<p><strong>Les atouts de GAIADIS :<\/strong><\/p>\n<ul>\n<li>Familier du contexte hydrog\u00e8ne, je suis membre de France Hydrog\u00e8ne et l\u2019ATEE association technique \u00e9nergie environnement depuis fin 2016 .<\/li>\n<li>GAIADIS est une structure l\u00e9g\u00e8re, ind\u00e9pendante, r\u00e9active.<\/li>\n<li>GAIADIS est ins\u00e9r\u00e9e dans des r\u00e9seaux et noue des partenariats comme avec ESPELIA pour remporter un accord cadre avec l&#8217;ANCT Agence de coh\u00e9sion des Territoires , ou l&#8217;ADIT pour une \u00e9tude strat\u00e9gique pour la R\u00e9gion SUD .<\/li>\n<li>+25 ans d\u2019exp\u00e9rience en PME \u00e9nergie avec acteurs territoriaux (Syndicats, R\u00e9gies,ELD) nationaux (ENGIE, GRT gaz, ENEDIS, &#8230;) et fournisseurs (ENERCOOP&#8230;).<\/li>\n<\/ul>\n<p><a href=\"https:\/\/www.afhypac.org\/association\/membres\/gaiadis\/\"><img loading=\"lazy\" class=\"wp-image-710 size-medium\" src=\"https:\/\/www2.gaiadis.fr\/wp-content\/uploads\/2021\/01\/Logo-France-Hydroge\u2560\u00c7ne-Membre-verticale-RVB-300x126.jpg\" alt=\"Membre de France Hydrog\u00e8ne - ex AFHYPAC\" width=\"300\" height=\"126\" srcset=\"https:\/\/www2.gaiadis.fr\/wp-content\/uploads\/2021\/01\/Logo-France-Hydroge\u2560\u00c7ne-Membre-verticale-RVB-300x126.jpg 300w, https:\/\/www2.gaiadis.fr\/wp-content\/uploads\/2021\/01\/Logo-France-Hydroge\u2560\u00c7ne-Membre-verticale-RVB-1024x429.jpg 1024w, https:\/\/www2.gaiadis.fr\/wp-content\/uploads\/2021\/01\/Logo-France-Hydroge\u2560\u00c7ne-Membre-verticale-RVB-768x322.jpg 768w, https:\/\/www2.gaiadis.fr\/wp-content\/uploads\/2021\/01\/Logo-France-Hydroge\u2560\u00c7ne-Membre-verticale-RVB.jpg 1510w\" sizes=\"(max-width: 300px) 100vw, 300px\" \/><\/a><\/p>\n","protected":false},"excerpt":{"rendered":"<p>Vous avez besoin: D&#8217;appr\u00e9hender les apports multiples de l&#8217;hydrog\u00e8ne pour les transports propres, le stockage d\u2019\u00e9nergie, l\u2019industrie. Etudier les synergies possibles avec les activit\u00e9s sur votre territoire et au-del\u00e0. Faire le point, et mener une \u00e9tude hydrog\u00e8ne sur votre territoire. Comprendre les financements UE\/FR , comme les APP ADEME ou ceux de la Clean Hydrogen [&hellip;]<\/p>\n","protected":false},"author":1,"featured_media":0,"parent":0,"menu_order":0,"comment_status":"closed","ping_status":"closed","template":"","meta":[],"translation":{"provider":"WPGlobus","version":"3.0.1","language":"en","enabled_languages":["fr","en"],"languages":{"fr":{"title":true,"content":true,"excerpt":false},"en":{"title":false,"content":false,"excerpt":false}}},"_links":{"self":[{"href":"https:\/\/www2.gaiadis.fr\/en\/wp-json\/wp\/v2\/pages\/68"}],"collection":[{"href":"https:\/\/www2.gaiadis.fr\/en\/wp-json\/wp\/v2\/pages"}],"about":[{"href":"https:\/\/www2.gaiadis.fr\/en\/wp-json\/wp\/v2\/types\/page"}],"author":[{"embeddable":true,"href":"https:\/\/www2.gaiadis.fr\/en\/wp-json\/wp\/v2\/users\/1"}],"replies":[{"embeddable":true,"href":"https:\/\/www2.gaiadis.fr\/en\/wp-json\/wp\/v2\/comments?post=68"}],"version-history":[{"count":27,"href":"https:\/\/www2.gaiadis.fr\/en\/wp-json\/wp\/v2\/pages\/68\/revisions"}],"predecessor-version":[{"id":916,"href":"https:\/\/www2.gaiadis.fr\/en\/wp-json\/wp\/v2\/pages\/68\/revisions\/916"}],"wp:attachment":[{"href":"https:\/\/www2.gaiadis.fr\/en\/wp-json\/wp\/v2\/media?parent=68"}],"curies":[{"name":"wp","href":"https:\/\/api.w.org\/{rel}","templated":true}]}}