{"id":7,"date":"2019-06-11T21:44:03","date_gmt":"2019-06-11T19:44:03","guid":{"rendered":"http:\/\/www2.gaiadis.fr\/?page_id=7"},"modified":"2022-09-29T10:34:29","modified_gmt":"2022-09-29T08:34:29","slug":"economie-hydrogene","status":"publish","type":"page","link":"https:\/\/www2.gaiadis.fr\/en\/economie-hydrogene\/","title":{"rendered":"ECONOMIE HYDROGENE"},"content":{"rendered":"<p>ECONOMIE HYDROGENE<\/p>\n<p><a href=\"https:\/\/www.afhypac.org\/association\/membres\/gaiadis\/\"><img loading=\"lazy\" class=\"wp-image-710 size-medium\" src=\"https:\/\/www2.gaiadis.fr\/wp-content\/uploads\/2021\/01\/Logo-France-Hydroge\u2560\u00c7ne-Membre-verticale-RVB-300x126.jpg\" alt=\"Membre de France Hydrog\u00e8ne - ex AFHYPAC\" width=\"300\" height=\"126\" srcset=\"https:\/\/www2.gaiadis.fr\/wp-content\/uploads\/2021\/01\/Logo-France-Hydroge\u2560\u00c7ne-Membre-verticale-RVB-300x126.jpg 300w, https:\/\/www2.gaiadis.fr\/wp-content\/uploads\/2021\/01\/Logo-France-Hydroge\u2560\u00c7ne-Membre-verticale-RVB-1024x429.jpg 1024w, https:\/\/www2.gaiadis.fr\/wp-content\/uploads\/2021\/01\/Logo-France-Hydroge\u2560\u00c7ne-Membre-verticale-RVB-768x322.jpg 768w, https:\/\/www2.gaiadis.fr\/wp-content\/uploads\/2021\/01\/Logo-France-Hydroge\u2560\u00c7ne-Membre-verticale-RVB.jpg 1510w\" sizes=\"(max-width: 300px) 100vw, 300px\" \/><\/a><\/p>\n<p><a href=\"https:\/\/www2.gaiadis.fr\/territoires\/\">Etudes Territoires<\/a> | <a href=\"https:\/\/www2.gaiadis.fr\/recherche-de-financements\/\">Recherches de financements<\/a> | <a href=\"https:\/\/www2.gaiadis.fr\/industriels-h2\/\"> Formations<\/a> | <a href=\"https:\/\/www2.gaiadis.fr\/industriels-h2\/\">\u00a0Projets<\/a> |\u00a0<a href=\"https:\/\/www2.gaiadis.fr\/bus-h2\/\">Mobilit\u00e9 et Bus \u00e0 hydrog\u00e8ne<\/a><\/p>\n<p>GAIADIS est membre de <a href=\"https:\/\/www.afhypac.org\/association\/membres\/gaiadis\/\">France Hydrog\u00e8ne<\/a> , anciennement AFHYPAC Association Fran\u00e7aise pour l\u2019Hydrog\u00e8ne et les piles \u00e0 combustibles.<\/p>\n","protected":false},"excerpt":{"rendered":"<p>ECONOMIE HYDROGENE Etudes Territoires | Recherches de financements | Formations | \u00a0Projets |\u00a0Mobilit\u00e9 et Bus \u00e0 hydrog\u00e8ne GAIADIS est membre de France Hydrog\u00e8ne , anciennement AFHYPAC Association Fran\u00e7aise pour l\u2019Hydrog\u00e8ne et les piles \u00e0 combustibles.<\/p>\n","protected":false},"author":1,"featured_media":0,"parent":0,"menu_order":0,"comment_status":"closed","ping_status":"closed","template":"","meta":[],"translation":{"provider":"WPGlobus","version":"3.0.1","language":"en","enabled_languages":["fr","en"],"languages":{"fr":{"title":true,"content":true,"excerpt":false},"en":{"title":false,"content":false,"excerpt":false}}},"_links":{"self":[{"href":"https:\/\/www2.gaiadis.fr\/en\/wp-json\/wp\/v2\/pages\/7"}],"collection":[{"href":"https:\/\/www2.gaiadis.fr\/en\/wp-json\/wp\/v2\/pages"}],"about":[{"href":"https:\/\/www2.gaiadis.fr\/en\/wp-json\/wp\/v2\/types\/page"}],"author":[{"embeddable":true,"href":"https:\/\/www2.gaiadis.fr\/en\/wp-json\/wp\/v2\/users\/1"}],"replies":[{"embeddable":true,"href":"https:\/\/www2.gaiadis.fr\/en\/wp-json\/wp\/v2\/comments?post=7"}],"version-history":[{"count":11,"href":"https:\/\/www2.gaiadis.fr\/en\/wp-json\/wp\/v2\/pages\/7\/revisions"}],"predecessor-version":[{"id":1002,"href":"https:\/\/www2.gaiadis.fr\/en\/wp-json\/wp\/v2\/pages\/7\/revisions\/1002"}],"wp:attachment":[{"href":"https:\/\/www2.gaiadis.fr\/en\/wp-json\/wp\/v2\/media?parent=7"}],"curies":[{"name":"wp","href":"https:\/\/api.w.org\/{rel}","templated":true}]}}