{"id":72,"date":"2019-06-12T20:53:32","date_gmt":"2019-06-12T18:53:32","guid":{"rendered":"http:\/\/www2.gaiadis.fr\/?page_id=72"},"modified":"2021-01-21T15:23:55","modified_gmt":"2021-01-21T14:23:55","slug":"industriels-h2","status":"publish","type":"page","link":"https:\/\/www2.gaiadis.fr\/en\/industriels-h2\/","title":{"rendered":"Industriels H2"},"content":{"rendered":"<p><strong>Industriels de la fili\u00e8re hydrog\u00e8ne :<\/strong><\/p>\n<ul>\n<li>Vous avez construit une excellence technique sur votre march\u00e9, qui s\u2019ouvre.<\/li>\n<li>Vos \u00e9quipes dont surcharg\u00e9es, alors que vous devez limiter vos effectifs, en termes d\u2019appui technico commercial, de projets, de formations, ou de recherches de financement.<\/li>\n<li>Votre capacit\u00e9 \u00e0 r\u00e9pondre aux appels d\u2019offres est contrainte et r\u00e9duit vos chances de succ\u00e8s, or la concurrence s\u2019aiguise.<\/li>\n<\/ul>\n<p><strong>GAIADIS vous r\u00e9pond et propose :<\/strong><\/p>\n<ul>\n<li>Un appui technico-commercial en soutien de vos forces de vente.<\/li>\n<li>De d\u00e9multiplier votre capacit\u00e9 de r\u00e9ponse aux propositions, AOF, recherches de financement, en France et export, notamment dans un <a href=\"https:\/\/www2.gaiadis.fr\/recherche-de-financements\/\">contexte europ\u00e9en<\/a>, o\u00f9 la ma\u00eetrise de l\u2019anglais est de rigueur.<\/li>\n<li>D&#8217;\u00eatre un renfort de votre capacit\u00e9 projets en organisation \/ pilotage \/ suivi.<\/li>\n<li>De soulager vos \u00e9quipes en charge de la formation.<\/li>\n<\/ul>\n<p><strong>\u00a0Pourquoi faire appel \u00e0 GAIADIS\u00a0, <\/strong><\/p>\n<ul>\n<li>Structure de conseil ind\u00e9pendante, l\u00e9g\u00e8re et r\u00e9active.<\/li>\n<li>Familier du contexte et des acteurs de l\u2019hydrog\u00e8ne depuis 2016, et du contexte europ\u00e9en.<\/li>\n<li>Capable d&#8217;une immersion rapide, pour renforcer vos capacit\u00e9s dans les meilleurs d\u00e9lais, et dans la dur\u00e9e.<\/li>\n<li>+25 ans d\u2019exp\u00e9rience industrielle en PME expertes en &#8220;\u00e9nergie&#8221;\u00a0aupr\u00e8s d\u2019acteurs territoriaux (Syndicats, R\u00e9gies, ELD) ou nationaux (ENEDIS, ENGIE, ENERCOOP&#8230;)<\/li>\n<li>Le milieu de l\u2019\u00e9nergie est en constante \u00e9volution, le plus rapide bat le plus lent et oblige \u00e0\u00a0une rapidit\u00e9 d\u2019adaptation constante.<\/li>\n<li>Exp\u00e9rience de projets complexes, multi-partenaires, m\u00ealant des acteurs vari\u00e9s (services \u00e9tude, production, projet, int\u00e9grateur, clients, AMOA,&#8230;).<\/li>\n<li>GAIADIS est membre de France Hydrog\u00e8ne , ex\u00a0 AFHYPAC Association Fran\u00e7aise pour l\u2019Hydrog\u00e8ne et les piles \u00e0 combustibles.<\/li>\n<\/ul>\n<p>&nbsp;<\/p>\n<figure id=\"attachment_710\" aria-describedby=\"caption-attachment-710\" style=\"width: 300px\" class=\"wp-caption alignnone\"><a href=\"https:\/\/www.afhypac.org\/association\/membres\/gaiadis\/\"><img loading=\"lazy\" class=\"wp-image-710 size-medium\" src=\"https:\/\/www2.gaiadis.fr\/wp-content\/uploads\/2021\/01\/Logo-France-Hydroge\u2560\u00c7ne-Membre-verticale-RVB-300x126.jpg\" alt=\"Membre de France Hydrog\u00e8ne - ex AFHYPAC\" width=\"300\" height=\"126\" srcset=\"https:\/\/www2.gaiadis.fr\/wp-content\/uploads\/2021\/01\/Logo-France-Hydroge\u2560\u00c7ne-Membre-verticale-RVB-300x126.jpg 300w, https:\/\/www2.gaiadis.fr\/wp-content\/uploads\/2021\/01\/Logo-France-Hydroge\u2560\u00c7ne-Membre-verticale-RVB-1024x429.jpg 1024w, https:\/\/www2.gaiadis.fr\/wp-content\/uploads\/2021\/01\/Logo-France-Hydroge\u2560\u00c7ne-Membre-verticale-RVB-768x322.jpg 768w, https:\/\/www2.gaiadis.fr\/wp-content\/uploads\/2021\/01\/Logo-France-Hydroge\u2560\u00c7ne-Membre-verticale-RVB.jpg 1510w\" sizes=\"(max-width: 300px) 100vw, 300px\" \/><\/a><figcaption id=\"caption-attachment-710\" class=\"wp-caption-text\">L&#8217;AFHYPAC devient France Hydrog\u00e8ne<\/figcaption><\/figure>\n<p>&nbsp;<\/p>\n","protected":false},"excerpt":{"rendered":"<p>Industriels de la fili\u00e8re hydrog\u00e8ne : Vous avez construit une excellence technique sur votre march\u00e9, qui s\u2019ouvre. Vos \u00e9quipes dont surcharg\u00e9es, alors que vous devez limiter vos effectifs, en termes d\u2019appui technico commercial, de projets, de formations, ou de recherches de financement. Votre capacit\u00e9 \u00e0 r\u00e9pondre aux appels d\u2019offres est contrainte et r\u00e9duit vos chances [&hellip;]<\/p>\n","protected":false},"author":1,"featured_media":0,"parent":0,"menu_order":0,"comment_status":"closed","ping_status":"closed","template":"","meta":[],"translation":{"provider":"WPGlobus","version":"3.0.1","language":"en","enabled_languages":["fr","en"],"languages":{"fr":{"title":true,"content":true,"excerpt":false},"en":{"title":false,"content":false,"excerpt":false}}},"_links":{"self":[{"href":"https:\/\/www2.gaiadis.fr\/en\/wp-json\/wp\/v2\/pages\/72"}],"collection":[{"href":"https:\/\/www2.gaiadis.fr\/en\/wp-json\/wp\/v2\/pages"}],"about":[{"href":"https:\/\/www2.gaiadis.fr\/en\/wp-json\/wp\/v2\/types\/page"}],"author":[{"embeddable":true,"href":"https:\/\/www2.gaiadis.fr\/en\/wp-json\/wp\/v2\/users\/1"}],"replies":[{"embeddable":true,"href":"https:\/\/www2.gaiadis.fr\/en\/wp-json\/wp\/v2\/comments?post=72"}],"version-history":[{"count":26,"href":"https:\/\/www2.gaiadis.fr\/en\/wp-json\/wp\/v2\/pages\/72\/revisions"}],"predecessor-version":[{"id":725,"href":"https:\/\/www2.gaiadis.fr\/en\/wp-json\/wp\/v2\/pages\/72\/revisions\/725"}],"wp:attachment":[{"href":"https:\/\/www2.gaiadis.fr\/en\/wp-json\/wp\/v2\/media?parent=72"}],"curies":[{"name":"wp","href":"https:\/\/api.w.org\/{rel}","templated":true}]}}