{"id":74,"date":"2019-06-12T20:54:25","date_gmt":"2019-06-12T18:54:25","guid":{"rendered":"http:\/\/www2.gaiadis.fr\/?page_id=74"},"modified":"2021-01-19T17:39:09","modified_gmt":"2021-01-19T16:39:09","slug":"bus-h2","status":"publish","type":"page","link":"https:\/\/www2.gaiadis.fr\/en\/bus-h2\/","title":{"rendered":"Bus H2: De nouvelles aides pour vous \u00e9quiper de bus \u00e0 hydrog\u00e8ne &#8211; Bus&#8217;Hy pour y voir clair"},"content":{"rendered":"<figure id=\"attachment_613\" aria-describedby=\"caption-attachment-613\" style=\"width: 300px\" class=\"wp-caption alignleft\"><img loading=\"lazy\" class=\"wp-image-613 size-medium\" src=\"https:\/\/www2.gaiadis.fr\/wp-content\/uploads\/2019\/10\/SAFRA-RNTP19-300x146.jpg\" alt=\"\" width=\"300\" height=\"146\" srcset=\"https:\/\/www2.gaiadis.fr\/wp-content\/uploads\/2019\/10\/SAFRA-RNTP19-300x146.jpg 300w, https:\/\/www2.gaiadis.fr\/wp-content\/uploads\/2019\/10\/SAFRA-RNTP19-768x373.jpg 768w, https:\/\/www2.gaiadis.fr\/wp-content\/uploads\/2019\/10\/SAFRA-RNTP19-1024x497.jpg 1024w, https:\/\/www2.gaiadis.fr\/wp-content\/uploads\/2019\/10\/SAFRA-RNTP19.jpg 1536w\" sizes=\"(max-width: 300px) 100vw, 300px\" \/><figcaption id=\"caption-attachment-613\" class=\"wp-caption-text\">27\u00e8 RNTP \u00e0 Nantes <a href=\"https:\/\/twitter.com\/search?q=%23RNTP19&amp;src=typeahead_click\">#RNTP19<\/a> stand SAFRA<\/figcaption><\/figure>\n<figure id=\"attachment_609\" aria-describedby=\"caption-attachment-609\" style=\"width: 300px\" class=\"wp-caption alignright\"><img loading=\"lazy\" class=\"wp-image-609 size-medium\" src=\"https:\/\/www2.gaiadis.fr\/wp-content\/uploads\/2019\/10\/UN-bus-hydrogene-septembre-2019-idf-300x200.jpg\" alt=\"\" width=\"300\" height=\"200\" srcset=\"https:\/\/www2.gaiadis.fr\/wp-content\/uploads\/2019\/10\/UN-bus-hydrogene-septembre-2019-idf-300x200.jpg 300w, https:\/\/www2.gaiadis.fr\/wp-content\/uploads\/2019\/10\/UN-bus-hydrogene-septembre-2019-idf-768x513.jpg 768w, https:\/\/www2.gaiadis.fr\/wp-content\/uploads\/2019\/10\/UN-bus-hydrogene-septembre-2019-idf.jpg 896w\" sizes=\"(max-width: 300px) 100vw, 300px\" \/><figcaption id=\"caption-attachment-609\" class=\"wp-caption-text\">Bus hydrog\u00e8ne Versailles 12 sept (c) U.N.<\/figcaption><\/figure>\n<p><strong><em>\u00a0<\/em>2021 De nouvelles aides pour vous \u00e9quiper de bus \u00e0 hydrog\u00e8ne &#8211; <a href=\"https:\/\/www2.gaiadis.fr\/contact\/\">Nous contacter<\/a><\/strong><\/p>\n<p>Vous vous posez des questions sur la mobilit\u00e9 <strong>bus \u00e0 hydrog\u00e8ne pour votre Territoire ? <\/strong>\u00a0l&#8217;offre Bus&#8217;Hy vous aide \u00e0 y voir clair.<\/p>\n<p>GAIADIS vous propose <strong>Bus&#8217;Hy\u00a0 pour accompagner votre r\u00e9flexion, \u00e9tude, ou projet\u00a0 de bus hydrog\u00e8ne<\/strong> quel que soit son stade.<br \/>\nBus&#8217;Hy est une offre simple, abordable et pragmatique, pour vous faire votre propre opinion en toute ind\u00e9pendance.<\/p>\n<ul>\n<li>un calculateur \u00e9conomique\/environnemental comparant dans votre contexte, bus H2 et alternatives dont \u00e9lectriques<\/li>\n<li>un livre blanc apportant des r\u00e9ponses \u00e0 vos questions sur les bus \u00e0 hydrog\u00e8ne, et un retour d&#8217;exp\u00e9rience mondial<\/li>\n<li>des possibilit\u00e9s d&#8217;accompagnement personnalis\u00e9es<\/li>\n<\/ul>\n<p><strong>Int\u00e9ress\u00e9? <\/strong>Plus de d\u00e9tails ici <a href=\"https:\/\/www2.gaiadis.fr\/wp-content\/uploads\/2019\/07\/Offre-accompagnement-projets-bus-H2_Enerka_Gaiadis.pdf\">Offre accompagnement projets bus<\/a>\u00a0 Pour une d\u00e9mo ou plus d&#8217;infos <a href=\"https:\/\/www2.gaiadis.fr\/contact\/\">Contact ici<\/a><\/p>\n<p><strong>Les bus \u00e0 hydrog\u00e8ne, d\u00e9j\u00e0 une r\u00e9alit\u00e9\u00a0 en France :\u00a0\u00a0<\/strong><\/p>\n<ul>\n<li>Le 21 juin dernier <a href=\"https:\/\/www2.gaiadis.fr\/la-premiere-des-bus-h2-dans-les-hauts-de-france\/\">SMT Artois-Gohelle a inaugur\u00e9 \u00e0 Houdain<\/a> dans les Hauts de France, la premi\u00e8re station \u00e0 hydrog\u00e8ne de bus en France, \u00e9quipant la premi\u00e8re ligne de bus \u00e0 hydrog\u00e8ne fran\u00e7ais , \u00e9quip\u00e9e de bus SAFRA &#8220;BUSINOVA&#8221;.<\/li>\n<li>Pau a re\u00e7u le 5 septembre dernier son premier bus \u00e0 hydrog\u00e8ne 18 m, une premi\u00e8re en France.<\/li>\n<li>Versailles a mis en service son premier bus hydrog\u00e8ne le 12 septembre.<\/li>\n<li><a href=\"https:\/\/www.h2-mobile.fr\/actus\/ugap-commande-groupee-1000-bus-hydrogene-2024\/\">L&#8217;UGAP propose un achat group\u00e9<\/a> d\u00e8s 2020, objectif 1000 bus H2 en 2024.\n<p><figure id=\"attachment_608\" aria-describedby=\"caption-attachment-608\" style=\"width: 300px\" class=\"wp-caption alignnone\"><img loading=\"lazy\" class=\"wp-image-608 size-medium\" src=\"https:\/\/www2.gaiadis.fr\/wp-content\/uploads\/2019\/10\/mairie-bus-bhns-a-hydrogene-pau-300x200.jpg\" alt=\"\" width=\"300\" height=\"200\" srcset=\"https:\/\/www2.gaiadis.fr\/wp-content\/uploads\/2019\/10\/mairie-bus-bhns-a-hydrogene-pau-300x200.jpg 300w, https:\/\/www2.gaiadis.fr\/wp-content\/uploads\/2019\/10\/mairie-bus-bhns-a-hydrogene-pau-768x513.jpg 768w, https:\/\/www2.gaiadis.fr\/wp-content\/uploads\/2019\/10\/mairie-bus-bhns-a-hydrogene-pau.jpg 896w\" sizes=\"(max-width: 300px) 100vw, 300px\" \/><figcaption id=\"caption-attachment-608\" class=\"wp-caption-text\">bus H2 de 18m \u00e0 Pau (c) Mairie Pau<\/figcaption><\/figure><\/li>\n<\/ul>\n<p><strong>Carte mentale Bus&#8217;Hy\u00a0<\/strong><\/p>\n<p><a href=\"https:\/\/www2.gaiadis.fr\/wp-content\/uploads\/2019\/07\/v1-En-un-clin-doeil-offre-BusHy.png\"><img loading=\"lazy\" class=\"alignnone size-medium wp-image-502\" src=\"https:\/\/www2.gaiadis.fr\/wp-content\/uploads\/2019\/07\/v1-En-un-clin-doeil-offre-BusHy-300x151.png\" alt=\"\" width=\"300\" height=\"151\" srcset=\"https:\/\/www2.gaiadis.fr\/wp-content\/uploads\/2019\/07\/v1-En-un-clin-doeil-offre-BusHy-300x151.png 300w, https:\/\/www2.gaiadis.fr\/wp-content\/uploads\/2019\/07\/v1-En-un-clin-doeil-offre-BusHy-768x386.png 768w, https:\/\/www2.gaiadis.fr\/wp-content\/uploads\/2019\/07\/v1-En-un-clin-doeil-offre-BusHy-1024x514.png 1024w\" sizes=\"(max-width: 300px) 100vw, 300px\" \/><\/a><\/p>\n<p>Bus&#8217;Hy est une offre propos\u00e9e par Gaiadis (France hors 38\/74) et Enerka (Is\u00e8re\/Haute-Savoie)<\/p>\n<p>#hydrogen #calculateur #bushydrogen #BusH2 #BusHy #ugap #1000bus #gaiadis\u00a0 #RNTP19 #decarbonation #transportspublics<\/p>\n","protected":false},"excerpt":{"rendered":"<p>\u00a02021 De nouvelles aides pour vous \u00e9quiper de bus \u00e0 hydrog\u00e8ne &#8211; Nous contacter Vous vous posez des questions sur la mobilit\u00e9 bus \u00e0 hydrog\u00e8ne pour votre Territoire ? \u00a0l&#8217;offre Bus&#8217;Hy vous aide \u00e0 y voir clair. GAIADIS vous propose Bus&#8217;Hy\u00a0 pour accompagner votre r\u00e9flexion, \u00e9tude, ou projet\u00a0 de bus hydrog\u00e8ne quel que soit son [&hellip;]<\/p>\n","protected":false},"author":1,"featured_media":0,"parent":0,"menu_order":0,"comment_status":"closed","ping_status":"closed","template":"","meta":[],"translation":{"provider":"WPGlobus","version":"3.0.1","language":"en","enabled_languages":["fr","en"],"languages":{"fr":{"title":true,"content":true,"excerpt":false},"en":{"title":false,"content":false,"excerpt":false}}},"_links":{"self":[{"href":"https:\/\/www2.gaiadis.fr\/en\/wp-json\/wp\/v2\/pages\/74"}],"collection":[{"href":"https:\/\/www2.gaiadis.fr\/en\/wp-json\/wp\/v2\/pages"}],"about":[{"href":"https:\/\/www2.gaiadis.fr\/en\/wp-json\/wp\/v2\/types\/page"}],"author":[{"embeddable":true,"href":"https:\/\/www2.gaiadis.fr\/en\/wp-json\/wp\/v2\/users\/1"}],"replies":[{"embeddable":true,"href":"https:\/\/www2.gaiadis.fr\/en\/wp-json\/wp\/v2\/comments?post=74"}],"version-history":[{"count":35,"href":"https:\/\/www2.gaiadis.fr\/en\/wp-json\/wp\/v2\/pages\/74\/revisions"}],"predecessor-version":[{"id":687,"href":"https:\/\/www2.gaiadis.fr\/en\/wp-json\/wp\/v2\/pages\/74\/revisions\/687"}],"wp:attachment":[{"href":"https:\/\/www2.gaiadis.fr\/en\/wp-json\/wp\/v2\/media?parent=74"}],"curies":[{"name":"wp","href":"https:\/\/api.w.org\/{rel}","templated":true}]}}