{"id":741,"date":"2021-05-19T11:05:25","date_gmt":"2021-05-19T09:05:25","guid":{"rendered":"https:\/\/www2.gaiadis.fr\/?page_id=741"},"modified":"2021-12-24T09:01:13","modified_gmt":"2021-12-24T08:01:13","slug":"telechargement-du-livre-blanc","status":"publish","type":"page","link":"https:\/\/www2.gaiadis.fr\/en\/telechargement-du-livre-blanc\/","title":{"rendered":"T\u00e9l\u00e9chargement du livre blanc (version d&#8217;essai)"},"content":{"rendered":"<p style=\"text-align: center;\">Merci de patienter quelques secondes avant le t\u00e9l\u00e9chargement. il devrait s&#8217;ex\u00e9cuter automatiquement.<\/p>\n<p style=\"text-align: center;\">Dans le cas contraire, vous pouvez t\u00e9l\u00e9charger le livre blanc ici : <a href=\"https:\/\/www2.gaiadis.fr\/wp-content\/uploads\/2021\/05\/Livre-Blanc-50-moyens-de-financer-H2-version-essai-V1.1.pdf\">Livre Blanc 50 moyens de financer H2 (version essai V1.1).pdf<\/a><\/p>\n<p style=\"text-align: center;\">Cette version d&#8217;essai 2021 n&#8217;a pas \u00e9t\u00e9 actualis\u00e9e pour 2022 et est fournie \u00e0 titre de sp\u00e9cimen<\/p>\n","protected":false},"excerpt":{"rendered":"<p>Merci de patienter quelques secondes avant le t\u00e9l\u00e9chargement. il devrait s&#8217;ex\u00e9cuter automatiquement. Dans le cas contraire, vous pouvez t\u00e9l\u00e9charger le livre blanc ici : Livre Blanc 50 moyens de financer H2 (version essai V1.1).pdf Cette version d&#8217;essai 2021 n&#8217;a pas \u00e9t\u00e9 actualis\u00e9e pour 2022 et est fournie \u00e0 titre de sp\u00e9cimen<\/p>\n","protected":false},"author":1,"featured_media":0,"parent":0,"menu_order":0,"comment_status":"closed","ping_status":"closed","template":"","meta":[],"translation":{"provider":"WPGlobus","version":"3.0.1","language":"en","enabled_languages":["fr","en"],"languages":{"fr":{"title":true,"content":true,"excerpt":false},"en":{"title":false,"content":false,"excerpt":false}}},"_links":{"self":[{"href":"https:\/\/www2.gaiadis.fr\/en\/wp-json\/wp\/v2\/pages\/741"}],"collection":[{"href":"https:\/\/www2.gaiadis.fr\/en\/wp-json\/wp\/v2\/pages"}],"about":[{"href":"https:\/\/www2.gaiadis.fr\/en\/wp-json\/wp\/v2\/types\/page"}],"author":[{"embeddable":true,"href":"https:\/\/www2.gaiadis.fr\/en\/wp-json\/wp\/v2\/users\/1"}],"replies":[{"embeddable":true,"href":"https:\/\/www2.gaiadis.fr\/en\/wp-json\/wp\/v2\/comments?post=741"}],"version-history":[{"count":8,"href":"https:\/\/www2.gaiadis.fr\/en\/wp-json\/wp\/v2\/pages\/741\/revisions"}],"predecessor-version":[{"id":797,"href":"https:\/\/www2.gaiadis.fr\/en\/wp-json\/wp\/v2\/pages\/741\/revisions\/797"}],"wp:attachment":[{"href":"https:\/\/www2.gaiadis.fr\/en\/wp-json\/wp\/v2\/media?parent=741"}],"curies":[{"name":"wp","href":"https:\/\/api.w.org\/{rel}","templated":true}]}}