{"id":803,"date":"2022-09-01T18:19:57","date_gmt":"2022-09-01T16:19:57","guid":{"rendered":"https:\/\/www2.gaiadis.fr\/?page_id=803"},"modified":"2024-01-26T18:40:24","modified_gmt":"2024-01-26T17:40:24","slug":"design-energetique","status":"publish","type":"page","link":"https:\/\/www2.gaiadis.fr\/en\/design-energetique\/","title":{"rendered":"BAISSER LA CONSOMATION ENERGETIQUE DES BATIMENTS SANS TRAVAUX ?"},"content":{"rendered":"<p><em>acc\u00e8s r\u00e9serv\u00e9 \u2013 en cours de modification\u00a0<\/em><\/p>\n<p><strong>Collectivit\u00e9s, Associations, PME, Commerces, Artisans :<\/strong><\/p>\n<ul>\n<li>Vous poss\u00e9dez un ou plusieurs b\u00e2timents dont la consommation d&#8217;\u00e9nergie est trop \u00e9lev\u00e9e, ou en surchauffe<\/li>\n<li>Vous avez r\u00e9alis\u00e9 un audit \u00e9nerg\u00e9tique, et apr\u00e8s 150 pages de lecture, la consistance du &#8220;plan d&#8217;action&#8221; propos\u00e9 vous laisse perplexe: il faut am\u00e9liorer l&#8217;isolation, les moyens de chauffage, climatiser , etc.<\/li>\n<li>Vous vous inqui\u00e9tez sur le budget des travaux et sur la garantie (?) de r\u00e9sultats.<br \/>\nN&#8217;Y A-T-IL PAS MOYEN DE FAIRE AUTREMENT ?<\/li>\n<\/ul>\n<p><strong>GAIADIS vous r\u00e9pond et vous propose une offre de service visant le &#8220;sans travaux&#8221; et permettant\u00a0\u00a0<\/strong><\/p>\n<ul>\n<li>De r\u00e9fl\u00e9chir \u00e0 la consommation \u00e9nerg\u00e9tique de votre b\u00e2timent , aux &#8220;services&#8221; \u00e9nerg\u00e9tiques attendus , de rep\u00e9rer les &#8220;g\u00e2chis &#8220;,\u00a0 et d&#8217;am\u00e9liorer cette consommation \u00e9nerg\u00e9tique.<\/li>\n<li>D&#8217;\u00e9valuer les possibilit\u00e9s d&#8217;\u00e9conomies d&#8217;\u00e9nergie et d&#8217;actions sur la surchauffe, possibles &#8220;sans travaux&#8221;.<\/li>\n<li>De s&#8217;accorder sur un plan d&#8217;actions, s&#8217;engager sur des r\u00e9sultats, et un prix selon ces r\u00e9sultats.<\/li>\n<\/ul>\n<p><strong>\u00a0Pourquoi faire appel \u00e0 GAIADIS ?<\/strong><\/p>\n<ul>\n<li>Structure ind\u00e9pendante, l\u00e9g\u00e8re et r\u00e9active, en Dr\u00f4me \/ Ard\u00e8che<\/li>\n<li>Exp\u00e9rience +20 ans en PME dans le domaine de l\u2019\u00e9nergie, en organisation et mise en \u0153uvre de projets\n<ul>\n<li>GAIADIS a accompagn\u00e9 des entreprises et collectivit\u00e9s territoriales pour leur d\u00e9marche hydrog\u00e8ne<br \/>\n<em>\u00a0 L&#8217;hydrog\u00e8ne est un moyen parmi d&#8217;autres, applicable selon le cas au B\u00e2timent.<br \/>\nGAIADIS est membre de France\u00a0Hydrog\u00e8ne , et du Groupe de travail Hydrog\u00e8ne et B\u00e2timents<\/em><\/li>\n<\/ul>\n<\/li>\n<li><span style=\"font-weight: 400;\">Cette offre de service utilise ce que j&#8217;ai appris lors d\u2019une formation en Design \u00e9nerg\u00e9tique\u00ae par le bureau d&#8217;\u00e9tudes INCUB\u00a0 . Intitul\u00e9 de la formation:\u00a0 &#8220;Bootcamp du Design Energ\u00e9tique&#8221;<\/span><\/li>\n<\/ul>\n<p><span style=\"font-weight: 400;\">Design \u00e9nerg\u00e9tique\u00ae est une marque d\u00e9pos\u00e9e du Bureau d&#8217;\u00e9tude INCUB qui propose des formations compl\u00e8tes \u00e0 cette m\u00e9thode . <\/span>Vous voulez en savoir plus \u00e0 propos du Design \u00e9nerg\u00e9tique\u00ae ? Toutes les informations se trouve sur ce site : <a href=\"http:\/\/www.incub.net\/\" target=\"_blank\" rel=\"noopener\">www.incub.net<\/a><\/p>\n","protected":false},"excerpt":{"rendered":"<p>acc\u00e8s r\u00e9serv\u00e9 \u2013 en cours de modification\u00a0 Collectivit\u00e9s, Associations, PME, Commerces, Artisans : Vous poss\u00e9dez un ou plusieurs b\u00e2timents dont la consommation d&#8217;\u00e9nergie est trop \u00e9lev\u00e9e, ou en surchauffe Vous avez r\u00e9alis\u00e9 un audit \u00e9nerg\u00e9tique, et apr\u00e8s 150 pages de lecture, la consistance du &#8220;plan d&#8217;action&#8221; propos\u00e9 vous laisse perplexe: il faut am\u00e9liorer l&#8217;isolation, les [&hellip;]<\/p>\n","protected":false},"author":1,"featured_media":0,"parent":0,"menu_order":0,"comment_status":"closed","ping_status":"closed","template":"","meta":[],"translation":{"provider":"WPGlobus","version":"3.0.1","language":"en","enabled_languages":["fr","en"],"languages":{"fr":{"title":true,"content":true,"excerpt":false},"en":{"title":false,"content":false,"excerpt":false}}},"_links":{"self":[{"href":"https:\/\/www2.gaiadis.fr\/en\/wp-json\/wp\/v2\/pages\/803"}],"collection":[{"href":"https:\/\/www2.gaiadis.fr\/en\/wp-json\/wp\/v2\/pages"}],"about":[{"href":"https:\/\/www2.gaiadis.fr\/en\/wp-json\/wp\/v2\/types\/page"}],"author":[{"embeddable":true,"href":"https:\/\/www2.gaiadis.fr\/en\/wp-json\/wp\/v2\/users\/1"}],"replies":[{"embeddable":true,"href":"https:\/\/www2.gaiadis.fr\/en\/wp-json\/wp\/v2\/comments?post=803"}],"version-history":[{"count":20,"href":"https:\/\/www2.gaiadis.fr\/en\/wp-json\/wp\/v2\/pages\/803\/revisions"}],"predecessor-version":[{"id":1112,"href":"https:\/\/www2.gaiadis.fr\/en\/wp-json\/wp\/v2\/pages\/803\/revisions\/1112"}],"wp:attachment":[{"href":"https:\/\/www2.gaiadis.fr\/en\/wp-json\/wp\/v2\/media?parent=803"}],"curies":[{"name":"wp","href":"https:\/\/api.w.org\/{rel}","templated":true}]}}